{"id":7,"date":"2024-06-04T11:55:53","date_gmt":"2024-06-04T09:55:53","guid":{"rendered":"http:\/\/localhost\/ap3-wp\/?page_id=7"},"modified":"2025-12-23T01:30:43","modified_gmt":"2025-12-22T23:30:43","slug":"portes-automatiques-ap3-girona-especialitzats-en-installacio-i-manteniment-de-tota-mena-de-portes-automatiques-i-punts-logistics-de-carrega","status":"publish","type":"page","link":"https:\/\/ap3girona.com\/copiaweb\/","title":{"rendered":"Inici"},"content":{"rendered":"\n<p>Com a distribu\u00efdors oficials de marques reconegudes com GEZE, oferim productes d&#8217;alta qualitat i confian\u00e7a en la comercialitzaci\u00f3, instal\u00b7laci\u00f3 i manteniment de portes autom\u00e0tiques a Girona i prov\u00edncia. La nostra associaci\u00f3 privilegiada amb aquestes marques l\u00edders garanteix solucions segures i de confian\u00e7a. El nostre equip est\u00e0 format en les \u00faltimes caracter\u00edstiques dels productes, assegurant assessorament expert i atenci\u00f3 personalitzada als nostres clients. Contacta amb nosaltres per a obtenir informaci\u00f3 detallada sobre productes, preus i resoldre qualsevol consulta que tinguis. Estarem encantats d&#8217;ajudar-te.<\/p>\n\n\n\n<p>Portes autom\u00e0tiques: Solucions per a la teva llar i negoci<\/p>\n\n\n\n<p>Les portes autom\u00e0tiques s\u00f3n elements fonamentals en la infraestructura moderna, tant en entorns residencials com comercials. Ofereixen solucions pr\u00e0ctiques que milloren la seguretat i la comoditat dels usuaris. Hi ha diversos tipus de portes autom\u00e0tiques, adaptades a diferents necessitats. Cada model presenta caracter\u00edstiques espec\u00edfiques que el fan adequat per a situacions particulars, com ara espais redu\u00efts o un gran volum de tr\u00e0nsit.<\/p>\n\n\n\n<h2 class=\"wp-block-heading\">Tipus de portes autom\u00e0tiques<\/h2>\n\n\n\n<p>Les portes autom\u00e0tiques es presenten en diverses formes i models, cadascun dissenyat per satisfer necessitats espec\u00edfiques tant en entorns residencials com industrials. A continuaci\u00f3, s&#8217;exploren els diferents tipus de portes autom\u00e0tiques disponibles al mercat.<\/p>\n","protected":false},"excerpt":{"rendered":"<p>Com a distribu\u00efdors oficials de marques reconegudes com GEZE, oferim productes d&#8217;alta qualitat i confian\u00e7a en la comercialitzaci\u00f3, instal\u00b7laci\u00f3 i manteniment de portes autom\u00e0tiques a Girona i prov\u00edncia. La nostra associaci\u00f3 privilegiada amb aquestes marques l\u00edders garanteix solucions segures i de confian\u00e7a. El nostre equip est\u00e0 format en les \u00faltimes caracter\u00edstiques dels productes, assegurant assessorament [&hellip;]<\/p>\n","protected":false},"author":2,"featured_media":166,"parent":0,"menu_order":4,"comment_status":"closed","ping_status":"closed","template":"","meta":{"_acf_changed":false,"footnotes":""},"class_list":["post-7","page","type-page","status-publish","has-post-thumbnail","hentry"],"acf":[],"yoast_head":"<!-- This site is optimized with the Yoast SEO plugin v23.7 - https:\/\/yoast.com\/wordpress\/plugins\/seo\/ -->\n<title>Portes automatiques AP3 girona instal\u00b7laci\u00f3 i manteniment<\/title>\n<meta name=\"description\" content=\"Portes autom\u00e0tiques Ap3 Girona, instal\u00b7laci\u00f3 i manteniment de portes autom\u00e0tiques i punts log\u00edstics de c\u00e0rrega\" \/>\n<meta name=\"robots\" content=\"index, follow, max-snippet:-1, max-image-preview:large, max-video-preview:-1\" \/>\n<link rel=\"canonical\" href=\"https:\/\/ap3girona.com\/copiaweb\/\" \/>\n<meta property=\"og:locale\" content=\"ca_ES\" \/>\n<meta property=\"og:type\" content=\"article\" \/>\n<meta property=\"og:title\" content=\"Portes automatiques AP3 girona instal\u00b7laci\u00f3 i manteniment\" \/>\n<meta property=\"og:description\" content=\"Portes autom\u00e0tiques Ap3 Girona, instal\u00b7laci\u00f3 i manteniment de portes autom\u00e0tiques i punts log\u00edstics de c\u00e0rrega\" \/>\n<meta property=\"og:url\" content=\"https:\/\/ap3girona.com\/copiaweb\/\" \/>\n<meta property=\"og:site_name\" content=\"AP3 - Portes autom\u00e0tiques\" \/>\n<meta property=\"article:publisher\" content=\"https:\/\/www.facebook.com\/profile.php?id=61556760304800\" \/>\n<meta property=\"article:modified_time\" content=\"2025-12-22T23:30:43+00:00\" \/>\n<meta property=\"og:image\" content=\"https:\/\/ap3girona.com\/copiaweb\/wp-content\/uploads\/2024\/06\/AUTOMATISME-Powerturn_GmbH-1-1.jpg\" \/>\n\t<meta property=\"og:image:width\" content=\"1000\" \/>\n\t<meta property=\"og:image:height\" content=\"667\" \/>\n\t<meta property=\"og:image:type\" content=\"image\/jpeg\" \/>\n<meta name=\"twitter:card\" content=\"summary_large_image\" \/>\n<meta name=\"twitter:label1\" content=\"Temps estimat de lectura\" \/>\n\t<meta name=\"twitter:data1\" content=\"2 minuts\" \/>\n<script type=\"application\/ld+json\" class=\"yoast-schema-graph\">{\"@context\":\"https:\/\/schema.org\",\"@graph\":[{\"@type\":\"WebPage\",\"@id\":\"https:\/\/ap3girona.com\/copiaweb\/\",\"url\":\"https:\/\/ap3girona.com\/copiaweb\/\",\"name\":\"Portes automatiques AP3 girona instal\u00b7laci\u00f3 i manteniment\",\"isPartOf\":{\"@id\":\"https:\/\/ap3girona.com\/copiaweb\/#website\"},\"primaryImageOfPage\":{\"@id\":\"https:\/\/ap3girona.com\/copiaweb\/#primaryimage\"},\"image\":{\"@id\":\"https:\/\/ap3girona.com\/copiaweb\/#primaryimage\"},\"thumbnailUrl\":\"https:\/\/ap3girona.com\/copiaweb\/wp-content\/uploads\/2024\/06\/AUTOMATISME-Powerturn_GmbH-1-1.jpg\",\"datePublished\":\"2024-06-04T09:55:53+00:00\",\"dateModified\":\"2025-12-22T23:30:43+00:00\",\"description\":\"Portes autom\u00e0tiques Ap3 Girona, instal\u00b7laci\u00f3 i manteniment de portes autom\u00e0tiques i punts log\u00edstics de c\u00e0rrega\",\"breadcrumb\":{\"@id\":\"https:\/\/ap3girona.com\/copiaweb\/#breadcrumb\"},\"inLanguage\":\"ca\",\"potentialAction\":[{\"@type\":\"ReadAction\",\"target\":[\"https:\/\/ap3girona.com\/copiaweb\/\"]}]},{\"@type\":\"ImageObject\",\"inLanguage\":\"ca\",\"@id\":\"https:\/\/ap3girona.com\/copiaweb\/#primaryimage\",\"url\":\"https:\/\/ap3girona.com\/copiaweb\/wp-content\/uploads\/2024\/06\/AUTOMATISME-Powerturn_GmbH-1-1.jpg\",\"contentUrl\":\"https:\/\/ap3girona.com\/copiaweb\/wp-content\/uploads\/2024\/06\/AUTOMATISME-Powerturn_GmbH-1-1.jpg\",\"width\":1000,\"height\":667},{\"@type\":\"BreadcrumbList\",\"@id\":\"https:\/\/ap3girona.com\/copiaweb\/#breadcrumb\",\"itemListElement\":[{\"@type\":\"ListItem\",\"position\":1,\"name\":\"Inici\",\"item\":\"https:\/\/ap3girona.com\/copiaweb\/\"},{\"@type\":\"ListItem\",\"position\":2,\"name\":\"Inici\"}]},{\"@type\":\"WebSite\",\"@id\":\"https:\/\/ap3girona.com\/copiaweb\/#website\",\"url\":\"https:\/\/ap3girona.com\/copiaweb\/\",\"name\":\"AP3 - Portes autom\u00e0tiques\",\"description\":\"Portes autom\u00e0tiques\",\"publisher\":{\"@id\":\"https:\/\/ap3girona.com\/copiaweb\/#organization\"},\"potentialAction\":[{\"@type\":\"SearchAction\",\"target\":{\"@type\":\"EntryPoint\",\"urlTemplate\":\"https:\/\/ap3girona.com\/copiaweb\/?s={search_term_string}\"},\"query-input\":{\"@type\":\"PropertyValueSpecification\",\"valueRequired\":true,\"valueName\":\"search_term_string\"}}],\"inLanguage\":\"ca\"},{\"@type\":\"Organization\",\"@id\":\"https:\/\/ap3girona.com\/copiaweb\/#organization\",\"name\":\"AP3 - Portes autom\u00e0tiques\",\"url\":\"https:\/\/ap3girona.com\/copiaweb\/\",\"logo\":{\"@type\":\"ImageObject\",\"inLanguage\":\"ca\",\"@id\":\"https:\/\/ap3girona.com\/copiaweb\/#\/schema\/logo\/image\/\",\"url\":\"https:\/\/ap3girona.com\/copiaweb\/wp-content\/uploads\/2024\/08\/logo-ap3-girona.png\",\"contentUrl\":\"https:\/\/ap3girona.com\/copiaweb\/wp-content\/uploads\/2024\/08\/logo-ap3-girona.png\",\"width\":1042,\"height\":662,\"caption\":\"AP3 - Portes autom\u00e0tiques\"},\"image\":{\"@id\":\"https:\/\/ap3girona.com\/copiaweb\/#\/schema\/logo\/image\/\"},\"sameAs\":[\"https:\/\/www.facebook.com\/profile.php?id=61556760304800\",\"https:\/\/www.instagram.com\/ap3portesautomatiques\/\"]}]}<\/script>\n<!-- \/ Yoast SEO plugin. -->","yoast_head_json":{"title":"Portes automatiques AP3 girona instal\u00b7laci\u00f3 i manteniment","description":"Portes autom\u00e0tiques Ap3 Girona, instal\u00b7laci\u00f3 i manteniment de portes autom\u00e0tiques i punts log\u00edstics de c\u00e0rrega","robots":{"index":"index","follow":"follow","max-snippet":"max-snippet:-1","max-image-preview":"max-image-preview:large","max-video-preview":"max-video-preview:-1"},"canonical":"https:\/\/ap3girona.com\/copiaweb\/","og_locale":"ca_ES","og_type":"article","og_title":"Portes automatiques AP3 girona instal\u00b7laci\u00f3 i manteniment","og_description":"Portes autom\u00e0tiques Ap3 Girona, instal\u00b7laci\u00f3 i manteniment de portes autom\u00e0tiques i punts log\u00edstics de c\u00e0rrega","og_url":"https:\/\/ap3girona.com\/copiaweb\/","og_site_name":"AP3 - Portes autom\u00e0tiques","article_publisher":"https:\/\/www.facebook.com\/profile.php?id=61556760304800","article_modified_time":"2025-12-22T23:30:43+00:00","og_image":[{"width":1000,"height":667,"url":"https:\/\/ap3girona.com\/copiaweb\/wp-content\/uploads\/2024\/06\/AUTOMATISME-Powerturn_GmbH-1-1.jpg","type":"image\/jpeg"}],"twitter_card":"summary_large_image","twitter_misc":{"Temps estimat de lectura":"2 minuts"},"schema":{"@context":"https:\/\/schema.org","@graph":[{"@type":"WebPage","@id":"https:\/\/ap3girona.com\/copiaweb\/","url":"https:\/\/ap3girona.com\/copiaweb\/","name":"Portes automatiques AP3 girona instal\u00b7laci\u00f3 i manteniment","isPartOf":{"@id":"https:\/\/ap3girona.com\/copiaweb\/#website"},"primaryImageOfPage":{"@id":"https:\/\/ap3girona.com\/copiaweb\/#primaryimage"},"image":{"@id":"https:\/\/ap3girona.com\/copiaweb\/#primaryimage"},"thumbnailUrl":"https:\/\/ap3girona.com\/copiaweb\/wp-content\/uploads\/2024\/06\/AUTOMATISME-Powerturn_GmbH-1-1.jpg","datePublished":"2024-06-04T09:55:53+00:00","dateModified":"2025-12-22T23:30:43+00:00","description":"Portes autom\u00e0tiques Ap3 Girona, instal\u00b7laci\u00f3 i manteniment de portes autom\u00e0tiques i punts log\u00edstics de c\u00e0rrega","breadcrumb":{"@id":"https:\/\/ap3girona.com\/copiaweb\/#breadcrumb"},"inLanguage":"ca","potentialAction":[{"@type":"ReadAction","target":["https:\/\/ap3girona.com\/copiaweb\/"]}]},{"@type":"ImageObject","inLanguage":"ca","@id":"https:\/\/ap3girona.com\/copiaweb\/#primaryimage","url":"https:\/\/ap3girona.com\/copiaweb\/wp-content\/uploads\/2024\/06\/AUTOMATISME-Powerturn_GmbH-1-1.jpg","contentUrl":"https:\/\/ap3girona.com\/copiaweb\/wp-content\/uploads\/2024\/06\/AUTOMATISME-Powerturn_GmbH-1-1.jpg","width":1000,"height":667},{"@type":"BreadcrumbList","@id":"https:\/\/ap3girona.com\/copiaweb\/#breadcrumb","itemListElement":[{"@type":"ListItem","position":1,"name":"Inici","item":"https:\/\/ap3girona.com\/copiaweb\/"},{"@type":"ListItem","position":2,"name":"Inici"}]},{"@type":"WebSite","@id":"https:\/\/ap3girona.com\/copiaweb\/#website","url":"https:\/\/ap3girona.com\/copiaweb\/","name":"AP3 - Portes autom\u00e0tiques","description":"Portes autom\u00e0tiques","publisher":{"@id":"https:\/\/ap3girona.com\/copiaweb\/#organization"},"potentialAction":[{"@type":"SearchAction","target":{"@type":"EntryPoint","urlTemplate":"https:\/\/ap3girona.com\/copiaweb\/?s={search_term_string}"},"query-input":{"@type":"PropertyValueSpecification","valueRequired":true,"valueName":"search_term_string"}}],"inLanguage":"ca"},{"@type":"Organization","@id":"https:\/\/ap3girona.com\/copiaweb\/#organization","name":"AP3 - Portes autom\u00e0tiques","url":"https:\/\/ap3girona.com\/copiaweb\/","logo":{"@type":"ImageObject","inLanguage":"ca","@id":"https:\/\/ap3girona.com\/copiaweb\/#\/schema\/logo\/image\/","url":"https:\/\/ap3girona.com\/copiaweb\/wp-content\/uploads\/2024\/08\/logo-ap3-girona.png","contentUrl":"https:\/\/ap3girona.com\/copiaweb\/wp-content\/uploads\/2024\/08\/logo-ap3-girona.png","width":1042,"height":662,"caption":"AP3 - Portes autom\u00e0tiques"},"image":{"@id":"https:\/\/ap3girona.com\/copiaweb\/#\/schema\/logo\/image\/"},"sameAs":["https:\/\/www.facebook.com\/profile.php?id=61556760304800","https:\/\/www.instagram.com\/ap3portesautomatiques\/"]}]}},"_links":{"self":[{"href":"https:\/\/ap3girona.com\/copiaweb\/index.php?rest_route=\/wp\/v2\/pages\/7","targetHints":{"allow":["GET"]}}],"collection":[{"href":"https:\/\/ap3girona.com\/copiaweb\/index.php?rest_route=\/wp\/v2\/pages"}],"about":[{"href":"https:\/\/ap3girona.com\/copiaweb\/index.php?rest_route=\/wp\/v2\/types\/page"}],"author":[{"embeddable":true,"href":"https:\/\/ap3girona.com\/copiaweb\/index.php?rest_route=\/wp\/v2\/users\/2"}],"replies":[{"embeddable":true,"href":"https:\/\/ap3girona.com\/copiaweb\/index.php?rest_route=%2Fwp%2Fv2%2Fcomments&post=7"}],"version-history":[{"count":23,"href":"https:\/\/ap3girona.com\/copiaweb\/index.php?rest_route=\/wp\/v2\/pages\/7\/revisions"}],"predecessor-version":[{"id":293,"href":"https:\/\/ap3girona.com\/copiaweb\/index.php?rest_route=\/wp\/v2\/pages\/7\/revisions\/293"}],"wp:featuredmedia":[{"embeddable":true,"href":"https:\/\/ap3girona.com\/copiaweb\/index.php?rest_route=\/wp\/v2\/media\/166"}],"wp:attachment":[{"href":"https:\/\/ap3girona.com\/copiaweb\/index.php?rest_route=%2Fwp%2Fv2%2Fmedia&parent=7"}],"curies":[{"name":"wp","href":"https:\/\/api.w.org\/{rel}","templated":true}]}}