{"id":218,"date":"2024-06-17T13:03:46","date_gmt":"2024-06-17T11:03:46","guid":{"rendered":"https:\/\/ap3girona.com\/copiaweb\/demo\/?page_id=218"},"modified":"2024-06-17T13:18:15","modified_gmt":"2024-06-17T11:18:15","slug":"politica-de-cookies","status":"publish","type":"page","link":"https:\/\/ap3girona.com\/copiaweb\/?page_id=218","title":{"rendered":"Pol\u00edtica de cookies"},"content":{"rendered":"\n<p>El lloc web\u00a0<a href=\"https:\/\/ap3girona.com\/copiaweb\/\">https:\/\/ap3girona.com\/copiaweb<\/a>\u00a0\u00e9s responsabilitat <strong>AP3 PORTES AUTOM\u00c0TIQUES AP3 GIRONA SL<\/strong> (en endavant <strong>AP3 <\/strong>), amb domicili social Carrer dels Oms, 10, nau 23 17111 Vulpellac (Girona), amb NIF: B70986864 i adre\u00e7a de correu electr\u00f2nic: \u00a0<a href=\"mailto:info@ap3girona.com\">info@ap3girona.com<\/a><\/p>\n\n\n\n<p>Conseq\u00fcentment, la utilitzaci\u00f3 de cookies se li aplica la present \u201cPol\u00edtica d\u2019\u00das de Cookies\u201d que ha estat elaborada per tal que l\u2019usuari quedi informat dels diferents usos que es duen a terme en aquests dispositius i, pugui consentir el seu tractament de manera informada, de conformitat amb el que preveu la legislaci\u00f3 vigent.<\/p>\n\n\n\n<p><strong>Qu\u00e8 \u00e9s una cookie?<\/strong><\/p>\n\n\n\n<p>Una cookie \u00e9s un fitxer que es descarrega al seu ordinador en accedir l\u2019usuari a determinades p\u00e0gines web. Les cookies permeten a una p\u00e0gina web, entre d\u2019altres coses, emmagatzemar i recuperar informaci\u00f3 sobre els h\u00e0bits de navegaci\u00f3 d\u2019un usuari o del seu equip i, depenent de la informaci\u00f3 que continguin i de la forma en qu\u00e8 utilitzi el seu equip, es poden utilitzar per recon\u00e8ixer a l\u2019usuari.<\/p>\n\n\n\n<p><strong>Quins tipus de cookies hi ha?<\/strong><\/p>\n\n\n\n<p>Hi ha diversos tipus de cookies en funci\u00f3 de diferents criteris:<\/p>\n\n\n\n<p>En funci\u00f3 del temps que romanen activades:<\/p>\n\n\n\n<ul class=\"wp-block-list\">\n<li>Cookies de sessi\u00f3. S\u00f3n un tipus de cookies dissenyades per demanar i emmagatzemar dades mentre l\u2019usuari accedeix a una p\u00e0gina web.<\/li>\n\n\n\n<li>Cookies permanents: S\u00f3n un tipus de cookies en el qual les dades segueixen emmagatzemats en el terminal i poden ser accedits i tractats durant un per\u00edode definit pel responsable de la galeta.<\/li>\n<\/ul>\n\n\n\n<p>En funci\u00f3 de la titularitat:<\/p>\n\n\n\n<ul class=\"wp-block-list\">\n<li>Cookies pr\u00f2pies. S\u00f3n les que pertanyen a <strong>AP3<\/strong><\/li>\n\n\n\n<li>Cookies de tercers. S\u00f3n aquelles la titularitat \u00e9s d\u2019un tercer, diferent de <strong>AP3<\/strong>, que ser\u00e0 qui tracti la informaci\u00f3 recollida.<\/li>\n<\/ul>\n\n\n\n<p>En funci\u00f3 de la seva finalitat:<\/p>\n\n\n\n<ul class=\"wp-block-list\">\n<li>Cookies t\u00e8cniques i\/o de personalitzaci\u00f3. S\u00f3n aquelles que serveixen per millorar el servei, localitzar incid\u00e8ncies, recon\u00e8ixer a l\u2019usuari, etc.<\/li>\n\n\n\n<li>Cookies d\u2019an\u00e0lisi i\/o de publicitat. S\u00f3n aquelles que serveixen per analitzar informaci\u00f3 sobre la navegaci\u00f3 i oferir publicitat, sigui gen\u00e8rica o personalitzada.<\/li>\n<\/ul>\n\n\n\n<p><strong>Quins tipus de cookies s\u00f3n m\u00e9s habituals?<\/strong><\/p>\n\n\n\n<p>T\u00c8CNIQUES: S\u00f3n cookies PR\u00d2PIES, de sessi\u00f3, d\u2019identificaci\u00f3, de configuraci\u00f3 i de registre, estrictament necess\u00e0ries per a la identificaci\u00f3 de l\u2019usuari i per a la prestaci\u00f3 dels serveis sol\u00b7licitats per l\u2019usuari. La informaci\u00f3 obtinguda a trav\u00e9s de les mateixes \u00e9s tractada \u00fanicament per <strong>AP3<\/strong><\/p>\n\n\n\n<p>D\u2019AN\u00c0LISI: S\u00f3n aquelles que, ben tractades per nosaltres o per tercers, ens permeten quantificar el nombre d\u2019usuaris i aix\u00ed realitzar el mesurament i an\u00e0lisi estad\u00edstica de la utilitzaci\u00f3 que fan els usuaris del servei ofert. Per aix\u00f2 s\u2019analitza la seva navegaci\u00f3 a la nostra p\u00e0gina web per tal de millorar l\u2019oferta de productes o serveis que li oferim.<\/p>\n\n\n\n<p>DE PUBLICITAT: S\u00f3n aquelles que, ben tractades per nosaltres o per tercers, permeten la gesti\u00f3, de la forma m\u00e9s efica\u00e7 possible, dels espais publicitaris que es poguessin incloure a la nostra p\u00e0gina web i\/o emmagatzemen informaci\u00f3 del comportament dels usuaris obtinguda a trav\u00e9s de l\u2019observaci\u00f3 continuada. Gr\u00e0cies a elles, podem con\u00e8ixer els h\u00e0bits de navegaci\u00f3 a internet i mostrar-li publicitat relacionada amb el seu perfil de navegaci\u00f3.<\/p>\n\n\n\n<p><strong>Per qu\u00e8 serveix una cookie?<\/strong><\/p>\n\n\n\n<p>Les cookies s\u2019utilitzen per poder oferir serveis i\/o publicitat personalitzats, per analitzar el funcionament del sistema, recon\u00e8ixer quan accedeix com a usuari, localitzar incid\u00e8ncies i problemes que puguin sorgir i solucionar en el menor termini possible, aix\u00ed com analitzar i mesurar l\u2019\u00fas i activitat de la p\u00e0gina web.<\/p>\n\n\n\n<p><strong>Es necessita el meu consentiment per implantar una cookie?<\/strong><\/p>\n\n\n\n<p>No cal el consentiment per a la instal\u00b7laci\u00f3 de cookies t\u00e8cniques o les que siguin estrictament necess\u00e0ries per a la prestaci\u00f3 d\u2019un servei de la societat de la informaci\u00f3 expressament sol\u00b7licitat pel destinatari.<\/p>\n\n\n\n<p>Per a la resta, s\u00ed que es necessita el consentiment de l\u2019interessat que es pot sol\u00b7licitar per diferents vies. En el nostre cas, el consentiment es dona si accepta les cookies opcionals i no necess\u00e0ries pel funcionament de la web i podr\u00e0 anul.lar el consentiment i desactivar les cookies entrant a l\u2019apartat de \u201ccom desactivar les cookies\u201d que es troba al final d\u2019aquest document.<\/p>\n\n\n\n<p><strong>Quins tipus de cookies utilitza aquesta p\u00e0gina web?<\/strong><\/p>\n\n\n\n<p>Cookies t\u00e8cniques: S\u00f3n aquelles creades i gestionades \u00fanicament per nosaltres, i permeten a l\u2019usuari la navegaci\u00f3 a trav\u00e9s de la nostra p\u00e0gina web i la utilitzaci\u00f3 de les diferents opcions com, per exemple, identificar la sessi\u00f3, personalitzar informaci\u00f3 o accedir a zones d\u2019acc\u00e9s restringit.<\/p>\n\n\n\n<p>Per a m\u00e9s informaci\u00f3 veure:<\/p>\n\n\n\n<p>El lloc web:\u00a0<a href=\"https:\/\/ap3girona.com\/copiaweb\/\">https:\/\/ap3girona.com\/copiaweb<\/a>\u00a0\u00fanicament utilitza cookies pr\u00f2pies, de sessi\u00f3, amb finalitat t\u00e8cnica\u00a0 (aquelles que permeten a la persona usu\u00e0ria la navegaci\u00f3 a trav\u00e9s del lloc web i la utilitzaci\u00f3 de les diferents opcions i serveis que en ella existeixen) no demana ni cedeix dades de car\u00e0cter personal dels usuaris sense el seu consentiment.<\/p>\n\n\n\n<p>No obstant, pot contenir enlla\u00e7os a llocs web de tercers amb pol\u00edtiques de privacitat alienes a la nostra web que l\u2019usuari podr\u00e0 decidir si accepta o no quan accedeixi a ells.<\/p>\n\n\n\n<figure class=\"wp-block-table\"><table><tbody><tr><td colspan=\"3\"><strong>Cookies t\u00e8cniques<\/strong><\/td><\/tr><tr><td><strong>Nom cookie<\/strong><\/td><td><strong>Temps expiraci\u00f3<\/strong><\/td><td><strong>\u00das, finalitat<\/strong><\/td><\/tr><tr><td>ilcc_consent_categories<\/td><td>90 dies<\/td><td>Cookie necess\u00e0ria per saber si ha ent\u00e8s la informaci\u00f3 del missatge cookie inicial<\/td><\/tr><tr><td>ilcc_has_preferences<\/td><td>90 dies<\/td><td>Cookie necess\u00e0ria per saber si ha ent\u00e8s la informaci\u00f3 del missatge cookie inicial<\/td><\/tr><tr><td colspan=\"3\"><strong><strong>AP3<\/strong><\/strong>, informa que aquest lloc web<strong>\u00a0no utilitza cookies que permetin la identificaci\u00f3 dels usuaris del lloc.<\/strong><\/td><\/tr><\/tbody><\/table><\/figure>\n\n\n\n<p>Pot permetre, bloquejar o eliminar les cookies instal\u00b7lades en el seu equip mitjan\u00e7ant la configuraci\u00f3 de les opcions del navegador en el vostre ordinador.<\/p>\n\n\n\n<ul class=\"wp-block-list\">\n<li>Firefox :\u00a0<a href=\"https:\/\/support.mozilla.org\/es\/kb\/habilitar-y-deshabilitar-cookies-sitios-web-rastrear-preferencias?redirectlocale=es&amp;redirectslug=habilitar-y-deshabilitar-cookies-que-los-sitios-we\">https:\/\/support.mozilla.org\/es\/kb\/habilitar-y-deshabilitar-cookies-sitios-web-rastrear-preferencias?redirectlocale=es&amp;redirectslug=habilitar-y-deshabilitar-cookies-que-los-sitios-we<\/a><\/li>\n\n\n\n<li>Chrome:\u00a0<a href=\"https:\/\/support.google.com\/chrome\/answer\/95647?hl=es\">https:\/\/support.google.com\/chrome\/answer\/95647?hl=es<\/a><\/li>\n\n\n\n<li>Internet Explorer:\u00a0<a href=\"https:\/\/support.microsoft.com\/es-es\/products\/windows?os=windows-10\">https:\/\/support.microsoft.com\/es-es\/products\/windows?os=windows-10<\/a><\/li>\n\n\n\n<li>Safari:\u00a0<a href=\"https:\/\/support.apple.com\/kb\/ph5042?locale=es_ES\">https:\/\/support.apple.com\/kb\/ph5042?locale=es_ES<\/a><\/li>\n\n\n\n<li>Safari para iOS:\u00a0<a href=\"https:\/\/support.apple.com\/es-es\/HT201265\">https:\/\/support.apple.com\/es-es\/HT201265<\/a><\/li>\n\n\n\n<li>Opera:\u00a0<a href=\"http:\/\/help.opera.com\/Windows\/11.50\/es-ES\/cookies.html\">http:\/\/help.opera.com\/Windows\/11.50\/es-ES\/cookies.html<\/a><\/li>\n<\/ul>\n\n\n\n<p><strong>Exercici de drets<\/strong><\/p>\n\n\n\n<p>Pot con\u00e8ixer i exercir els seus drets en mat\u00e8ria de protecci\u00f3 de dades accedint a la nostra <a href=\"https:\/\/ap3girona.com\/copiaweb\/demo\/politica-de-privacitat\/\" data-type=\"page\" data-id=\"3\">pol\u00edtica de privacitat\u00a0<\/a><\/p>\n\n\n\n<p><strong>Informaci\u00f3 addicional<\/strong><\/p>\n\n\n\n<p>Podeu consultar m\u00e9s informaci\u00f3 a la guia sobre l\u2019\u00fas de les cookies editada per l\u2019AEPD en el seg\u00fcent enlla\u00e7&nbsp;<a href=\"https:\/\/www.aepd.es\/es\/documento\/guia-cookies.pdf\">https:\/\/www.aepd.es\/es\/documento\/guia-cookies.pdf<\/a><\/p>\n","protected":false},"excerpt":{"rendered":"<p>El lloc web\u00a0https:\/\/ap3girona.com\/copiaweb\u00a0\u00e9s responsabilitat AP3 PORTES AUTOM\u00c0TIQUES AP3 GIRONA SL (en endavant AP3 ), amb domicili social Carrer dels Oms, 10, nau 23 17111 Vulpellac (Girona), amb NIF: B70986864 i adre\u00e7a de correu electr\u00f2nic: \u00a0info@ap3girona.com Conseq\u00fcentment, la utilitzaci\u00f3 de cookies se li aplica la present \u201cPol\u00edtica d\u2019\u00das de Cookies\u201d que ha estat elaborada per tal [&hellip;]<\/p>\n","protected":false},"author":2,"featured_media":0,"parent":0,"menu_order":2,"comment_status":"closed","ping_status":"closed","template":"","meta":{"_acf_changed":false,"footnotes":""},"class_list":["post-218","page","type-page","status-publish","hentry"],"acf":[],"yoast_head":"<!-- This site is optimized with the Yoast SEO plugin v23.7 - https:\/\/yoast.com\/wordpress\/plugins\/seo\/ -->\n<title>Pol\u00edtica de cookies - AP3 - Portes autom\u00e0tiques<\/title>\n<meta name=\"robots\" content=\"index, follow, max-snippet:-1, max-image-preview:large, max-video-preview:-1\" \/>\n<link rel=\"canonical\" href=\"https:\/\/ap3girona.com\/copiaweb\/?page_id=218\" \/>\n<meta property=\"og:locale\" content=\"ca_ES\" \/>\n<meta property=\"og:type\" content=\"article\" \/>\n<meta property=\"og:title\" content=\"Pol\u00edtica de cookies - AP3 - Portes autom\u00e0tiques\" \/>\n<meta property=\"og:description\" content=\"El lloc web\u00a0https:\/\/ap3girona.com\/copiaweb\u00a0\u00e9s responsabilitat AP3 PORTES AUTOM\u00c0TIQUES AP3 GIRONA SL (en endavant AP3 ), amb domicili social Carrer dels Oms, 10, nau 23 17111 Vulpellac (Girona), amb NIF: B70986864 i adre\u00e7a de correu electr\u00f2nic: \u00a0info@ap3girona.com Conseq\u00fcentment, la utilitzaci\u00f3 de cookies se li aplica la present \u201cPol\u00edtica d\u2019\u00das de Cookies\u201d que ha estat elaborada per tal [&hellip;]\" \/>\n<meta property=\"og:url\" content=\"https:\/\/ap3girona.com\/copiaweb\/?page_id=218\" \/>\n<meta property=\"og:site_name\" content=\"AP3 - Portes autom\u00e0tiques\" \/>\n<meta property=\"article:publisher\" content=\"https:\/\/www.facebook.com\/profile.php?id=61556760304800\" \/>\n<meta property=\"article:modified_time\" content=\"2024-06-17T11:18:15+00:00\" \/>\n<meta name=\"twitter:card\" content=\"summary_large_image\" \/>\n<meta name=\"twitter:label1\" content=\"Temps estimat de lectura\" \/>\n\t<meta name=\"twitter:data1\" content=\"6 minuts\" \/>\n<script type=\"application\/ld+json\" class=\"yoast-schema-graph\">{\"@context\":\"https:\/\/schema.org\",\"@graph\":[{\"@type\":\"WebPage\",\"@id\":\"https:\/\/ap3girona.com\/copiaweb\/?page_id=218\",\"url\":\"https:\/\/ap3girona.com\/copiaweb\/?page_id=218\",\"name\":\"Pol\u00edtica de cookies - AP3 - Portes autom\u00e0tiques\",\"isPartOf\":{\"@id\":\"https:\/\/ap3girona.com\/copiaweb\/#website\"},\"datePublished\":\"2024-06-17T11:03:46+00:00\",\"dateModified\":\"2024-06-17T11:18:15+00:00\",\"breadcrumb\":{\"@id\":\"https:\/\/ap3girona.com\/copiaweb\/?page_id=218#breadcrumb\"},\"inLanguage\":\"ca\",\"potentialAction\":[{\"@type\":\"ReadAction\",\"target\":[\"https:\/\/ap3girona.com\/copiaweb\/?page_id=218\"]}]},{\"@type\":\"BreadcrumbList\",\"@id\":\"https:\/\/ap3girona.com\/copiaweb\/?page_id=218#breadcrumb\",\"itemListElement\":[{\"@type\":\"ListItem\",\"position\":1,\"name\":\"Inici\",\"item\":\"https:\/\/ap3girona.com\/copiaweb\/\"},{\"@type\":\"ListItem\",\"position\":2,\"name\":\"Pol\u00edtica de cookies\"}]},{\"@type\":\"WebSite\",\"@id\":\"https:\/\/ap3girona.com\/copiaweb\/#website\",\"url\":\"https:\/\/ap3girona.com\/copiaweb\/\",\"name\":\"AP3 - Portes autom\u00e0tiques\",\"description\":\"Portes autom\u00e0tiques\",\"publisher\":{\"@id\":\"https:\/\/ap3girona.com\/copiaweb\/#organization\"},\"potentialAction\":[{\"@type\":\"SearchAction\",\"target\":{\"@type\":\"EntryPoint\",\"urlTemplate\":\"https:\/\/ap3girona.com\/copiaweb\/?s={search_term_string}\"},\"query-input\":{\"@type\":\"PropertyValueSpecification\",\"valueRequired\":true,\"valueName\":\"search_term_string\"}}],\"inLanguage\":\"ca\"},{\"@type\":\"Organization\",\"@id\":\"https:\/\/ap3girona.com\/copiaweb\/#organization\",\"name\":\"AP3 - Portes autom\u00e0tiques\",\"url\":\"https:\/\/ap3girona.com\/copiaweb\/\",\"logo\":{\"@type\":\"ImageObject\",\"inLanguage\":\"ca\",\"@id\":\"https:\/\/ap3girona.com\/copiaweb\/#\/schema\/logo\/image\/\",\"url\":\"https:\/\/ap3girona.com\/copiaweb\/wp-content\/uploads\/2024\/08\/logo-ap3-girona.png\",\"contentUrl\":\"https:\/\/ap3girona.com\/copiaweb\/wp-content\/uploads\/2024\/08\/logo-ap3-girona.png\",\"width\":1042,\"height\":662,\"caption\":\"AP3 - Portes autom\u00e0tiques\"},\"image\":{\"@id\":\"https:\/\/ap3girona.com\/copiaweb\/#\/schema\/logo\/image\/\"},\"sameAs\":[\"https:\/\/www.facebook.com\/profile.php?id=61556760304800\",\"https:\/\/www.instagram.com\/ap3portesautomatiques\/\"]}]}<\/script>\n<!-- \/ Yoast SEO plugin. -->","yoast_head_json":{"title":"Pol\u00edtica de cookies - AP3 - Portes autom\u00e0tiques","robots":{"index":"index","follow":"follow","max-snippet":"max-snippet:-1","max-image-preview":"max-image-preview:large","max-video-preview":"max-video-preview:-1"},"canonical":"https:\/\/ap3girona.com\/copiaweb\/?page_id=218","og_locale":"ca_ES","og_type":"article","og_title":"Pol\u00edtica de cookies - AP3 - Portes autom\u00e0tiques","og_description":"El lloc web\u00a0https:\/\/ap3girona.com\/copiaweb\u00a0\u00e9s responsabilitat AP3 PORTES AUTOM\u00c0TIQUES AP3 GIRONA SL (en endavant AP3 ), amb domicili social Carrer dels Oms, 10, nau 23 17111 Vulpellac (Girona), amb NIF: B70986864 i adre\u00e7a de correu electr\u00f2nic: \u00a0info@ap3girona.com Conseq\u00fcentment, la utilitzaci\u00f3 de cookies se li aplica la present \u201cPol\u00edtica d\u2019\u00das de Cookies\u201d que ha estat elaborada per tal [&hellip;]","og_url":"https:\/\/ap3girona.com\/copiaweb\/?page_id=218","og_site_name":"AP3 - Portes autom\u00e0tiques","article_publisher":"https:\/\/www.facebook.com\/profile.php?id=61556760304800","article_modified_time":"2024-06-17T11:18:15+00:00","twitter_card":"summary_large_image","twitter_misc":{"Temps estimat de lectura":"6 minuts"},"schema":{"@context":"https:\/\/schema.org","@graph":[{"@type":"WebPage","@id":"https:\/\/ap3girona.com\/copiaweb\/?page_id=218","url":"https:\/\/ap3girona.com\/copiaweb\/?page_id=218","name":"Pol\u00edtica de cookies - AP3 - Portes autom\u00e0tiques","isPartOf":{"@id":"https:\/\/ap3girona.com\/copiaweb\/#website"},"datePublished":"2024-06-17T11:03:46+00:00","dateModified":"2024-06-17T11:18:15+00:00","breadcrumb":{"@id":"https:\/\/ap3girona.com\/copiaweb\/?page_id=218#breadcrumb"},"inLanguage":"ca","potentialAction":[{"@type":"ReadAction","target":["https:\/\/ap3girona.com\/copiaweb\/?page_id=218"]}]},{"@type":"BreadcrumbList","@id":"https:\/\/ap3girona.com\/copiaweb\/?page_id=218#breadcrumb","itemListElement":[{"@type":"ListItem","position":1,"name":"Inici","item":"https:\/\/ap3girona.com\/copiaweb\/"},{"@type":"ListItem","position":2,"name":"Pol\u00edtica de cookies"}]},{"@type":"WebSite","@id":"https:\/\/ap3girona.com\/copiaweb\/#website","url":"https:\/\/ap3girona.com\/copiaweb\/","name":"AP3 - Portes autom\u00e0tiques","description":"Portes autom\u00e0tiques","publisher":{"@id":"https:\/\/ap3girona.com\/copiaweb\/#organization"},"potentialAction":[{"@type":"SearchAction","target":{"@type":"EntryPoint","urlTemplate":"https:\/\/ap3girona.com\/copiaweb\/?s={search_term_string}"},"query-input":{"@type":"PropertyValueSpecification","valueRequired":true,"valueName":"search_term_string"}}],"inLanguage":"ca"},{"@type":"Organization","@id":"https:\/\/ap3girona.com\/copiaweb\/#organization","name":"AP3 - Portes autom\u00e0tiques","url":"https:\/\/ap3girona.com\/copiaweb\/","logo":{"@type":"ImageObject","inLanguage":"ca","@id":"https:\/\/ap3girona.com\/copiaweb\/#\/schema\/logo\/image\/","url":"https:\/\/ap3girona.com\/copiaweb\/wp-content\/uploads\/2024\/08\/logo-ap3-girona.png","contentUrl":"https:\/\/ap3girona.com\/copiaweb\/wp-content\/uploads\/2024\/08\/logo-ap3-girona.png","width":1042,"height":662,"caption":"AP3 - Portes autom\u00e0tiques"},"image":{"@id":"https:\/\/ap3girona.com\/copiaweb\/#\/schema\/logo\/image\/"},"sameAs":["https:\/\/www.facebook.com\/profile.php?id=61556760304800","https:\/\/www.instagram.com\/ap3portesautomatiques\/"]}]}},"_links":{"self":[{"href":"https:\/\/ap3girona.com\/copiaweb\/index.php?rest_route=\/wp\/v2\/pages\/218","targetHints":{"allow":["GET"]}}],"collection":[{"href":"https:\/\/ap3girona.com\/copiaweb\/index.php?rest_route=\/wp\/v2\/pages"}],"about":[{"href":"https:\/\/ap3girona.com\/copiaweb\/index.php?rest_route=\/wp\/v2\/types\/page"}],"author":[{"embeddable":true,"href":"https:\/\/ap3girona.com\/copiaweb\/index.php?rest_route=\/wp\/v2\/users\/2"}],"replies":[{"embeddable":true,"href":"https:\/\/ap3girona.com\/copiaweb\/index.php?rest_route=%2Fwp%2Fv2%2Fcomments&post=218"}],"version-history":[{"count":1,"href":"https:\/\/ap3girona.com\/copiaweb\/index.php?rest_route=\/wp\/v2\/pages\/218\/revisions"}],"predecessor-version":[{"id":219,"href":"https:\/\/ap3girona.com\/copiaweb\/index.php?rest_route=\/wp\/v2\/pages\/218\/revisions\/219"}],"wp:attachment":[{"href":"https:\/\/ap3girona.com\/copiaweb\/index.php?rest_route=%2Fwp%2Fv2%2Fmedia&parent=218"}],"curies":[{"name":"wp","href":"https:\/\/api.w.org\/{rel}","templated":true}]}}