{"id":216,"date":"2024-06-17T12:58:10","date_gmt":"2024-06-17T10:58:10","guid":{"rendered":"https:\/\/ap3girona.com\/copiaweb\/demo\/?page_id=216"},"modified":"2024-06-21T09:21:17","modified_gmt":"2024-06-21T07:21:17","slug":"avis-legal","status":"publish","type":"page","link":"https:\/\/ap3girona.com\/copiaweb\/?page_id=216","title":{"rendered":"Av\u00eds legal"},"content":{"rendered":"\n<p>De conformitat amb la Llei 34\/2002, de Serveis de la Societat de la Informaci\u00f3 i de Comer\u00e7 Electr\u00f2nic, l&#8217;informem que aquest web \u00e9s titularitat de <strong>Portes Automatiques AP3 GIRONA, SL<\/strong>, (en endavant \u201cEL TITULAR\u201d), amb CIF B44897650, domicili a avda. Sant Juli\u00e0, 206, nau 6 de Granollers (08403).<\/p>\n\n\n\n<h2 class=\"wp-block-heading\">PROPIETAT INTEL\u00b7LECTUAL I INDUSTRIAL<\/h2>\n\n\n\n<p>Els continguts d&#8217;aquest lloc, incloent-hi els textos, imatges i dissenys gr\u00e0fics, pertanyen a EL TITULAR, o a tercers que han autoritzat el seu \u00fas. EL TITULAR presenta aquests continguts amb finalitats d&#8217;informaci\u00f3 i promoci\u00f3. EL TITULAR autoritza la seva utilitzaci\u00f3 exclusivament amb aquestes finalitats. Qualsevol utilitzaci\u00f3 d&#8217;aquests dissenys, imatges o textos haur\u00e0 de citar expressament la seva pertinen\u00e7a a EL TITULAR, qui es reserva el dret a iniciar les accions legals oportunes per reparar els danys i perjudicis causats per qualsevol acte que vulneri els seus drets de propietat intel\u00b7lectual o industrial.<\/p>\n\n\n\n<h2 class=\"wp-block-heading\">EXCLUSI\u00d3 DE RESPONSABILITAT<\/h2>\n\n\n\n<p>EL TITULAR actua amb la m\u00e0xima dilig\u00e8ncia possible perqu\u00e8 les dades i la informaci\u00f3 que ofereix al seu lloc web estigui actualitzada en tot moment, si b\u00e9 no garanteix ni es fa responsable de l&#8217;exactitud i actualitzaci\u00f3 dels continguts del lloc web, reservant-se el dret a modificar aquests continguts en qualsevol moment. EL TITULAR tampoc ser\u00e0 responsable de la informaci\u00f3 que es pot obtenir a trav\u00e9s d&#8217;enlla\u00e7os inclosos en el lloc web.<\/p>\n\n\n\n<p>Les relacions comercials amb els clients es regiran per les condicions generals que, si escau, s&#8217;estableixin per EL TITULAR en un document espec\u00edfic a aquest efecte, o pels pactes concrets que es puguin acordar amb els clients.<\/p>\n\n\n\n<h2 class=\"wp-block-heading\">CONDICIONS D&#8217;\u00daS<\/h2>\n\n\n\n<p>L&#8217;\u00fas d&#8217;aquest lloc web implica l&#8217;acceptaci\u00f3 plena dels termes del present av\u00eds legal. Els possibles conflictes relatius a aquest web es regiran exclusivament pel dret de l&#8217;Estat Espanyol. Tota persona usu\u00e0ria del web, independentment de la jurisdicci\u00f3 territorial des de la qual es produeixi el seu acc\u00e9s, accepta el compliment i respecte d&#8217;aquestes cl\u00e0usules amb ren\u00fancia expressa a qualsevol altre fur que pogu\u00e9s correspondre-li.<\/p>\n","protected":false},"excerpt":{"rendered":"<p>De conformitat amb la Llei 34\/2002, de Serveis de la Societat de la Informaci\u00f3 i de Comer\u00e7 Electr\u00f2nic, l&#8217;informem que aquest web \u00e9s titularitat de Portes Automatiques AP3 GIRONA, SL, (en endavant \u201cEL TITULAR\u201d), amb CIF B44897650, domicili a avda. Sant Juli\u00e0, 206, nau 6 de Granollers (08403). PROPIETAT INTEL\u00b7LECTUAL I INDUSTRIAL Els continguts d&#8217;aquest [&hellip;]<\/p>\n","protected":false},"author":2,"featured_media":0,"parent":0,"menu_order":3,"comment_status":"closed","ping_status":"closed","template":"","meta":{"_acf_changed":false,"footnotes":""},"class_list":["post-216","page","type-page","status-publish","hentry"],"acf":[],"yoast_head":"<!-- This site is optimized with the Yoast SEO plugin v23.7 - https:\/\/yoast.com\/wordpress\/plugins\/seo\/ -->\n<title>Av\u00eds legal - AP3 - Portes autom\u00e0tiques<\/title>\n<meta name=\"robots\" content=\"index, follow, max-snippet:-1, max-image-preview:large, max-video-preview:-1\" \/>\n<link rel=\"canonical\" href=\"https:\/\/ap3girona.com\/copiaweb\/?page_id=216\" \/>\n<meta property=\"og:locale\" content=\"ca_ES\" \/>\n<meta property=\"og:type\" content=\"article\" \/>\n<meta property=\"og:title\" content=\"Av\u00eds legal - AP3 - Portes autom\u00e0tiques\" \/>\n<meta property=\"og:description\" content=\"De conformitat amb la Llei 34\/2002, de Serveis de la Societat de la Informaci\u00f3 i de Comer\u00e7 Electr\u00f2nic, l&#8217;informem que aquest web \u00e9s titularitat de Portes Automatiques AP3 GIRONA, SL, (en endavant \u201cEL TITULAR\u201d), amb CIF B44897650, domicili a avda. Sant Juli\u00e0, 206, nau 6 de Granollers (08403). PROPIETAT INTEL\u00b7LECTUAL I INDUSTRIAL Els continguts d&#8217;aquest [&hellip;]\" \/>\n<meta property=\"og:url\" content=\"https:\/\/ap3girona.com\/copiaweb\/?page_id=216\" \/>\n<meta property=\"og:site_name\" content=\"AP3 - Portes autom\u00e0tiques\" \/>\n<meta property=\"article:publisher\" content=\"https:\/\/www.facebook.com\/profile.php?id=61556760304800\" \/>\n<meta property=\"article:modified_time\" content=\"2024-06-21T07:21:17+00:00\" \/>\n<meta name=\"twitter:card\" content=\"summary_large_image\" \/>\n<meta name=\"twitter:label1\" content=\"Temps estimat de lectura\" \/>\n\t<meta name=\"twitter:data1\" content=\"2 minuts\" \/>\n<script type=\"application\/ld+json\" class=\"yoast-schema-graph\">{\"@context\":\"https:\/\/schema.org\",\"@graph\":[{\"@type\":\"WebPage\",\"@id\":\"https:\/\/ap3girona.com\/copiaweb\/?page_id=216\",\"url\":\"https:\/\/ap3girona.com\/copiaweb\/?page_id=216\",\"name\":\"Av\u00eds legal - AP3 - Portes autom\u00e0tiques\",\"isPartOf\":{\"@id\":\"https:\/\/ap3girona.com\/copiaweb\/#website\"},\"datePublished\":\"2024-06-17T10:58:10+00:00\",\"dateModified\":\"2024-06-21T07:21:17+00:00\",\"breadcrumb\":{\"@id\":\"https:\/\/ap3girona.com\/copiaweb\/?page_id=216#breadcrumb\"},\"inLanguage\":\"ca\",\"potentialAction\":[{\"@type\":\"ReadAction\",\"target\":[\"https:\/\/ap3girona.com\/copiaweb\/?page_id=216\"]}]},{\"@type\":\"BreadcrumbList\",\"@id\":\"https:\/\/ap3girona.com\/copiaweb\/?page_id=216#breadcrumb\",\"itemListElement\":[{\"@type\":\"ListItem\",\"position\":1,\"name\":\"Inici\",\"item\":\"https:\/\/ap3girona.com\/copiaweb\/\"},{\"@type\":\"ListItem\",\"position\":2,\"name\":\"Av\u00eds legal\"}]},{\"@type\":\"WebSite\",\"@id\":\"https:\/\/ap3girona.com\/copiaweb\/#website\",\"url\":\"https:\/\/ap3girona.com\/copiaweb\/\",\"name\":\"AP3 - Portes autom\u00e0tiques\",\"description\":\"Portes autom\u00e0tiques\",\"publisher\":{\"@id\":\"https:\/\/ap3girona.com\/copiaweb\/#organization\"},\"potentialAction\":[{\"@type\":\"SearchAction\",\"target\":{\"@type\":\"EntryPoint\",\"urlTemplate\":\"https:\/\/ap3girona.com\/copiaweb\/?s={search_term_string}\"},\"query-input\":{\"@type\":\"PropertyValueSpecification\",\"valueRequired\":true,\"valueName\":\"search_term_string\"}}],\"inLanguage\":\"ca\"},{\"@type\":\"Organization\",\"@id\":\"https:\/\/ap3girona.com\/copiaweb\/#organization\",\"name\":\"AP3 - Portes autom\u00e0tiques\",\"url\":\"https:\/\/ap3girona.com\/copiaweb\/\",\"logo\":{\"@type\":\"ImageObject\",\"inLanguage\":\"ca\",\"@id\":\"https:\/\/ap3girona.com\/copiaweb\/#\/schema\/logo\/image\/\",\"url\":\"https:\/\/ap3girona.com\/copiaweb\/wp-content\/uploads\/2024\/08\/logo-ap3-girona.png\",\"contentUrl\":\"https:\/\/ap3girona.com\/copiaweb\/wp-content\/uploads\/2024\/08\/logo-ap3-girona.png\",\"width\":1042,\"height\":662,\"caption\":\"AP3 - Portes autom\u00e0tiques\"},\"image\":{\"@id\":\"https:\/\/ap3girona.com\/copiaweb\/#\/schema\/logo\/image\/\"},\"sameAs\":[\"https:\/\/www.facebook.com\/profile.php?id=61556760304800\",\"https:\/\/www.instagram.com\/ap3portesautomatiques\/\"]}]}<\/script>\n<!-- \/ Yoast SEO plugin. -->","yoast_head_json":{"title":"Av\u00eds legal - AP3 - Portes autom\u00e0tiques","robots":{"index":"index","follow":"follow","max-snippet":"max-snippet:-1","max-image-preview":"max-image-preview:large","max-video-preview":"max-video-preview:-1"},"canonical":"https:\/\/ap3girona.com\/copiaweb\/?page_id=216","og_locale":"ca_ES","og_type":"article","og_title":"Av\u00eds legal - AP3 - Portes autom\u00e0tiques","og_description":"De conformitat amb la Llei 34\/2002, de Serveis de la Societat de la Informaci\u00f3 i de Comer\u00e7 Electr\u00f2nic, l&#8217;informem que aquest web \u00e9s titularitat de Portes Automatiques AP3 GIRONA, SL, (en endavant \u201cEL TITULAR\u201d), amb CIF B44897650, domicili a avda. Sant Juli\u00e0, 206, nau 6 de Granollers (08403). PROPIETAT INTEL\u00b7LECTUAL I INDUSTRIAL Els continguts d&#8217;aquest [&hellip;]","og_url":"https:\/\/ap3girona.com\/copiaweb\/?page_id=216","og_site_name":"AP3 - Portes autom\u00e0tiques","article_publisher":"https:\/\/www.facebook.com\/profile.php?id=61556760304800","article_modified_time":"2024-06-21T07:21:17+00:00","twitter_card":"summary_large_image","twitter_misc":{"Temps estimat de lectura":"2 minuts"},"schema":{"@context":"https:\/\/schema.org","@graph":[{"@type":"WebPage","@id":"https:\/\/ap3girona.com\/copiaweb\/?page_id=216","url":"https:\/\/ap3girona.com\/copiaweb\/?page_id=216","name":"Av\u00eds legal - AP3 - Portes autom\u00e0tiques","isPartOf":{"@id":"https:\/\/ap3girona.com\/copiaweb\/#website"},"datePublished":"2024-06-17T10:58:10+00:00","dateModified":"2024-06-21T07:21:17+00:00","breadcrumb":{"@id":"https:\/\/ap3girona.com\/copiaweb\/?page_id=216#breadcrumb"},"inLanguage":"ca","potentialAction":[{"@type":"ReadAction","target":["https:\/\/ap3girona.com\/copiaweb\/?page_id=216"]}]},{"@type":"BreadcrumbList","@id":"https:\/\/ap3girona.com\/copiaweb\/?page_id=216#breadcrumb","itemListElement":[{"@type":"ListItem","position":1,"name":"Inici","item":"https:\/\/ap3girona.com\/copiaweb\/"},{"@type":"ListItem","position":2,"name":"Av\u00eds legal"}]},{"@type":"WebSite","@id":"https:\/\/ap3girona.com\/copiaweb\/#website","url":"https:\/\/ap3girona.com\/copiaweb\/","name":"AP3 - Portes autom\u00e0tiques","description":"Portes autom\u00e0tiques","publisher":{"@id":"https:\/\/ap3girona.com\/copiaweb\/#organization"},"potentialAction":[{"@type":"SearchAction","target":{"@type":"EntryPoint","urlTemplate":"https:\/\/ap3girona.com\/copiaweb\/?s={search_term_string}"},"query-input":{"@type":"PropertyValueSpecification","valueRequired":true,"valueName":"search_term_string"}}],"inLanguage":"ca"},{"@type":"Organization","@id":"https:\/\/ap3girona.com\/copiaweb\/#organization","name":"AP3 - Portes autom\u00e0tiques","url":"https:\/\/ap3girona.com\/copiaweb\/","logo":{"@type":"ImageObject","inLanguage":"ca","@id":"https:\/\/ap3girona.com\/copiaweb\/#\/schema\/logo\/image\/","url":"https:\/\/ap3girona.com\/copiaweb\/wp-content\/uploads\/2024\/08\/logo-ap3-girona.png","contentUrl":"https:\/\/ap3girona.com\/copiaweb\/wp-content\/uploads\/2024\/08\/logo-ap3-girona.png","width":1042,"height":662,"caption":"AP3 - Portes autom\u00e0tiques"},"image":{"@id":"https:\/\/ap3girona.com\/copiaweb\/#\/schema\/logo\/image\/"},"sameAs":["https:\/\/www.facebook.com\/profile.php?id=61556760304800","https:\/\/www.instagram.com\/ap3portesautomatiques\/"]}]}},"_links":{"self":[{"href":"https:\/\/ap3girona.com\/copiaweb\/index.php?rest_route=\/wp\/v2\/pages\/216","targetHints":{"allow":["GET"]}}],"collection":[{"href":"https:\/\/ap3girona.com\/copiaweb\/index.php?rest_route=\/wp\/v2\/pages"}],"about":[{"href":"https:\/\/ap3girona.com\/copiaweb\/index.php?rest_route=\/wp\/v2\/types\/page"}],"author":[{"embeddable":true,"href":"https:\/\/ap3girona.com\/copiaweb\/index.php?rest_route=\/wp\/v2\/users\/2"}],"replies":[{"embeddable":true,"href":"https:\/\/ap3girona.com\/copiaweb\/index.php?rest_route=%2Fwp%2Fv2%2Fcomments&post=216"}],"version-history":[{"count":2,"href":"https:\/\/ap3girona.com\/copiaweb\/index.php?rest_route=\/wp\/v2\/pages\/216\/revisions"}],"predecessor-version":[{"id":243,"href":"https:\/\/ap3girona.com\/copiaweb\/index.php?rest_route=\/wp\/v2\/pages\/216\/revisions\/243"}],"wp:attachment":[{"href":"https:\/\/ap3girona.com\/copiaweb\/index.php?rest_route=%2Fwp%2Fv2%2Fmedia&parent=216"}],"curies":[{"name":"wp","href":"https:\/\/api.w.org\/{rel}","templated":true}]}}